{"id":1164,"date":"2021-03-11T04:06:22","date_gmt":"2021-03-11T04:06:22","guid":{"rendered":"https:\/\/themetechmount.com\/wordpress\/fablio\/?page_id=1164"},"modified":"2022-12-01T11:54:34","modified_gmt":"2022-12-01T11:54:34","slug":"faq","status":"publish","type":"page","link":"https:\/\/ozuceltekstil.com.tr\/en\/faq\/","title":{"rendered":"PDPL"},"content":{"rendered":"<div class=\"tm-row wpb_row vc_row-fluid vc_custom_1615446078666 tm-responsive-custom-86098555 vc_column-gap-default tm-zindex-0 vc_row container tm-bgimage-position-center_center\">\n\n\t\t\n\t <div class=\"vc_column-gap-default\"> \t\n\t\t\n\n<div class=\"wpb_column tm-column vc_column_container vc_col-sm-12 tm-zindex-0\">\n\t<div class=\"vc_column-inner\">\n\t\t\t\t<div class=\"wpb_wrapper\">\n\t\t\t<div class=\"tm-element-heading-wrapper tm-heading-inner tm-element-align-center tm-seperator-none tm-heading-style-vertical\"><section class=\"tm-vc_cta3-container\"><div class=\"tm-vc_general tm-vc_cta3 tm-cta3-only tm-vc_cta3-style-classic tm-vc_cta3-shape-rounded tm-vc_cta3-align-center tm-vc_cta3-color-transparent tm-vc_cta3-icon-size-md tm-vc_cta3-actions-no tm-cta3-without-desc\"><div class=\"tm-vc_cta3_content-container\"><div class=\"tm-vc_cta3-content\"><header class=\"tm-vc_cta3-content-header tm-wrap\"><div class=\"tm-vc_cta3-headers tm-wrap-cell\"><h4 class=\"tm-custom-heading\" >Information<\/h4>\n<h2 class=\"tm-custom-heading\" >Clarification Texts<\/h2>\n<\/div><div class=\"heading-seperator\"><span><\/span><\/div><\/header><\/div><\/div><\/div><\/section><\/div> <!-- .tm-element-heading-wrapper container --> \t\t<\/div>\n\t<\/div>\n<\/div>\n\n\n\n\t\t\n\t <\/div> <\/div>\n\n\n\n\n\n\n\n\n\n\n\n<div class=\"tm-row wpb_row vc_row-fluid vc_custom_1589351649733 tm-responsive-custom-70741806 vc_column-gap-default break-991-colum tm-zindex-0 vc_row container tm-bgimage-position-center_center\">\n\n\t\t\n\t <div class=\"vc_column-gap-default\"> \t\n\t\t\n\n<div class=\"wpb_column tm-column vc_column_container vc_col-sm-12 tm-zindex-0\">\n\t<div class=\"vc_column-inner  tm-responsive-custom-41406729\">\n\t\t\t\t<div class=\"wpb_wrapper\">\n\t\t\t<div  class=\"vc_toggle vc_toggle_default vc_toggle_color_black  vc_toggle_size_md\"><div class=\"vc_toggle_title\"><h4>Ki\u015fisel Verilerin Korunmas\u0131 Kanunu<\/h4><i class=\"vc_toggle_icon\"><\/i><\/div><div class=\"vc_toggle_content\"><p>Bu web sitesini ziyaret etmeniz ve bu site vas\u0131tas\u0131yla sundu\u011fumuz hizmetlerden yararlanman\u0131z s\u0131ras\u0131nda, size ve talep etti\u011finiz hizmetlere ili\u015fkin olarak elde etti\u011fimiz bilgilerin ne \u015fekilde kullan\u0131laca\u011f\u0131 ve korunaca\u011f\u0131, 6698 say\u0131l\u0131 Ki\u015fisel Verilerin Korunmas\u0131 Kanunu\u2019nda belirtilen \u015fartlara tabidir. Bu web sitesini ziyaret etmekle ve bu site vas\u0131tas\u0131yla sundu\u011fumuz hizmetlerden yararlanmay\u0131 talep etmekle i\u015fbu \u015fartlar\u0131 ve bilgilendirme yap\u0131ld\u0131\u011f\u0131n\u0131 kabul etmektesiniz.<\/p>\n<p>Ki\u015fisel verileriniz, 6698 say\u0131l\u0131 Ki\u015fisel Verilerin Korunmas\u0131 Kanunu\u2019nda belirtilen ko\u015fullar alt\u0131nda korunmaktad\u0131r. Ki\u015fisel verilerin korunmas\u0131, \u015firket temel ilkesidir. Ki\u015fisel Verilerin Korunmas\u0131 Kanunu\u2019nun getirdi\u011fi b\u00fct\u00fcn sorumluluklara uymak,\u015firketimiz i\u00e7in bir zorunluluk olup bunu taahh\u00fct ediyoruz. \u015eirketimizin ki\u015fisel verilerin korunmas\u0131na ili\u015fkin prensipleri, di\u011fer grup \u015firketlerimizi kapsar.<\/p>\n<p>\u015eirketimiz pazarlama\/muhasebe\/mali i\u015fler departman\u0131 arac\u0131l\u0131\u011f\u0131 ile yapm\u0131\u015f oldu\u011fumuz ticari ili\u015fkiler s\u0131ras\u0131nda toplanan ki\u015fisel verileriniz, \u015firketimizin ticaret politikalar\u0131 \u00e7er\u00e7evesinde ticaretin devam etmesi ve yap\u0131lan anla\u015fmalar\u0131n devam\u0131 amac\u0131yla, 6698 say\u0131l\u0131 Kanun\u2019un 5. ve 6. maddelerinde belirtilen \u015fartlar ve ama\u00e7lar d\u00e2hilinde<\/p>\n<p>Ticari ili\u015fkisinin sa\u011fl\u0131kl\u0131 olarak y\u00fcr\u00fct\u00fclmesini sa\u011flamak,<\/p>\n<p>Ticari s\u00f6zle\u015fmelerin devam\u0131nda kamu kurum ve kurulu\u015flar ile kanuni olarak verileri talep etme hakk\u0131na sahip kurum ve kurulu\u015flara vermek,<\/p>\n<p>-\u0130leti\u015fim ihtiyac\u0131 oldu\u011funda siz say\u0131n \u00e7\u00f6z\u00fcm orta\u011f\u0131m\u0131za ula\u015fmak,<\/p>\n<p>-Siz say\u0131n \u00e7\u00f6z\u00fcm orta\u011f\u0131m\u0131z ile olu\u015fabilecek bir hukuki uyu\u015fmazl\u0131kta kullan\u0131lmak,<\/p>\n<p>-Siz say\u0131n \u00e7\u00f6z\u00fcm orta\u011f\u0131m\u0131z i\u00e7in gerekli olmas\u0131 durumunda ki\u015fisel verilerinize ula\u015fmak amac\u0131yla, 6698 say\u0131l\u0131 Kanun\u2019un 5. ve 6. maddelerinde belirtilen \u015fartlar ve ama\u00e7lar d\u00e2hilinde i\u015flenecektir.<\/p>\n<p>Yukar\u0131da belirtilen ama\u00e7lar do\u011frultusunda toplanan ki\u015fisel verileriniz, pazarlama\/muhasebe\/mali i\u015fler departman\u0131 arac\u0131l\u0131\u011f\u0131 ile yapm\u0131\u015f oldu\u011fumuz ticari ili\u015fkiler s\u0131ras\u0131nda toplanan ki\u015fisel verileriniz, \u015firketimizin ticaret politikalar\u0131 \u00e7er\u00e7evesinde ticaretin devam etmesi ve yap\u0131lan anla\u015fmalar\u0131n devam\u0131 amac\u0131yla,6698 say\u0131l\u0131 Kanun\u2019un 5. ve 6. maddelerinde belirtilen ki\u015fisel veri i\u015fleme \u015fartlar\u0131 ve ama\u00e7lar\u0131 kapsam\u0131nda, 6102 Say\u0131l\u0131 T\u00fcrk Ticaret Kanunu,6098 Say\u0131l\u0131 T\u00fcrk Bor\u00e7lar Kanunu, 6698 say\u0131l\u0131 Kanun m.5\/2-b Maddesi, Bir S\u00f6zle\u015fmenin Kurulmas\u0131 veya \u0130fas\u0131yla Do\u011frudan \u0130lgili Olmas\u0131, Veri Sorumlusunun Hukuki Y\u00fck\u00fcml\u00fcl\u00fc\u011f\u00fcn\u00fc Yerine Getirebilmesi \u0130\u00e7in Zorunlu Olmas\u0131, \u0130lgili Ki\u015finin Kendisi Taraf\u0131ndan Alenile\u015ftirilmi\u015f Olmas\u0131, Veri \u0130\u015flemenin Zorunlu Olmas\u0131(6698 say\u0131l\u0131 Kanun m.5\/2-e), Me\u015fru Menfaat Olmas\u0131(6698 say\u0131l\u0131 Kanun m.5\/2-f) maddeleri ve bu Ayd\u0131nlatma Metni\u2019nin \u201cKi\u015fisel Verilerin \u0130\u015flenme Amac\u0131\u201d ba\u015fl\u0131kl\u0131 maddesinde belirtilen ama\u00e7larla i\u015flenmektedir.<\/p>\n<p>\u015eirketimiz taraf\u0131ndan sizin verdi\u011finiz bilgilerle ya da Kanunda say\u0131lan di\u011fer hukuka uygunluk gere\u011fi elde edilmi\u015f veriler, sunmu\u015f oldu\u011fumuz hizmetlerin daha kaliteli hale getirilmesi, sizlere sunulan hizmetlerin ve kalite politikam\u0131z\u0131n iyile\u015ftirilmesi amac\u0131yla kullan\u0131lacakt\u0131r. Yine uhdemizdeki veriler, Bu ama\u00e7la toplanan ki\u015fisel verileriniz, sadece \u015firketimiz taraf\u0131ndan i\u015flenmekte, yasal zorunluluklar\u0131n getirece\u011fi herhangi bir sebep haricinde, herhangi bir \u00fc\u00e7\u00fcnc\u00fc ki\u015fi\/kuruma aktar\u0131lmayacak olup hali haz\u0131rda da aktar\u0131lmamaktad\u0131r.<\/p>\n<p>6698 Say\u0131l\u0131 Kanun\u2019un 11. maddesi uyar\u0131nca ki\u015fisel veri sahipleri, veri sorumlusuna ba\u015fvurarak kendisiyle ilgili;<\/p>\n<p>*Ki\u015fisel verilerinin i\u015flenip i\u015flenmedi\u011fini \u00f6\u011frenme,<\/p>\n<p>*Ki\u015fisel verileri i\u015flenmi\u015fse buna ili\u015fkin bilgi talep etme,<\/p>\n<p>*Ki\u015fisel verilerin i\u015flenme amac\u0131n\u0131 ve bunlar\u0131n amac\u0131na uygun kullan\u0131l\u0131p kullan\u0131lmad\u0131\u011f\u0131n\u0131 \u00f6\u011frenme,<\/p>\n<p>*Yurt i\u00e7inde veya yurt d\u0131\u015f\u0131nda ki\u015fisel verilerin aktar\u0131ld\u0131\u011f\u0131 \u00fc\u00e7\u00fcnc\u00fc ki\u015fileri bilme,<\/p>\n<p>Ki\u015fisel verilerin eksik veya yanl\u0131\u015f i\u015flenmi\u015f olmas\u0131 h\u00e2linde bunlar\u0131n d\u00fczeltilmesini isteme,<\/p>\n<p>*6698 say\u0131l\u0131 Kanun\u2019un 7.maddesinde \u00f6ng\u00f6r\u00fclen \u015fartlar \u00e7er\u00e7evesinde ki\u015fisel verilerin silinmesini veya yok edilmesini isteme,<\/p>\n<p>*Ki\u015fisel Verilerin Korunmas\u0131 Kanunu\u2019nun 11.maddesinin d ve e bentleri uyar\u0131nca yap\u0131lan i\u015flemlerin, ki\u015fisel verilerin aktar\u0131ld\u0131\u011f\u0131 \u00fc\u00e7\u00fcnc\u00fc ki\u015filere bildirilmesini isteme,<\/p>\n<p>*\u0130\u015flenen verilerin m\u00fcnhas\u0131ran otomatik sistemler vas\u0131tas\u0131yla analiz edilmesi suretiyle ki\u015finin kendisi aleyhine bir sonucun ortaya \u00e7\u0131kmas\u0131na itiraz etme,<\/p>\n<p>*Ki\u015fisel verilerin kanuna ayk\u0131r\u0131 olarak i\u015flenmesi sebebiyle zarara u\u011framas\u0131 h\u00e2linde zarar\u0131n giderilmesini talep etme haklar\u0131na sahiptir.<\/p>\n<p>Yukar\u0131da belirtilen haklar\u0131n\u0131z ile ilgili \u015firketimize yaz\u0131l\u0131 olarak ba\u015fvurman\u0131z halinde, talebinizin niteli\u011fine g\u00f6re en ge\u00e7 30 (otuz) g\u00fcn i\u00e7erisinde taraf\u0131n\u0131za \u00fccretsiz olarak yan\u0131t verilecektir. Ancak i\u015flemin ayr\u0131ca bir maliyet gerektirmesi halinde, Kurul\u2019ca belirlenen tarifedeki \u00fccret al\u0131nabilir.<\/p>\n<p>6698 Say\u0131l\u0131 Kanunun 11. Maddesi ile belirlenen haklar\u0131n\u0131z\u0131n kullan\u0131m\u0131na dair taleplerinizi;<\/p>\n<p>Ki\u015fisel Verileri Koruma Kurulu taraf\u0131ndan belirlenecek y\u00f6ntemlerle<br \/>\nve\/veya A\u00e7\u0131k, anla\u015f\u0131l\u0131r bir \u015fekilde ve kimlik ve adres bilgilerini tespit edici belgeleri de ekleyerek, yaz\u0131l\u0131 ve \u0131slak imzal\u0131 olarak,\u015fahsen yada iadeli taahh\u00fctl\u00fc posta yoluyla ya da noter kanal\u0131yla, &#8220;Demirta\u015f Dumlup\u0131nar Mh. Papatya Sk. No:2 Osmangazi \/ BURSA &#8211; TURK\u0130YE&#8221; adresine yada &#8220;santral@ozuceltekstil.com.tr&#8221; mail adresine iletebilirsiniz.<\/p>\n<p>Web sayfam\u0131z\u0131 ziyaret etmekle beraber;<\/p>\n<p>\u015eirketimize iletmi\u015f oldu\u011funuz veya \u015eirket \u0130nternet sitesine kay\u0131t\/\u00fcye olunmas\u0131 pazarlama\/muhasebe\/mali i\u015fler departman\u0131 arac\u0131l\u0131\u011f\u0131 ile yapm\u0131\u015f oldu\u011fumuz ticari ili\u015fkiler s\u0131ras\u0131nda toplanan ve ayr\u0131ca \u015firketin usul ve i\u015flemleri \u00e7er\u00e7evesinde edindi\u011fi ki\u015fisel veri, biyometrik veri, sa\u011fl\u0131k verisi dahil her t\u00fcrl\u00fc ki\u015fisel veri ve\/veya \u00f6zel nitelikli ki\u015fisel veri, kurumsal, ticari ve di\u011fer veri, bilginiz ve belgeniz bak\u0131m\u0131ndan (\u201cVeri\u201d); \u015eirketin i\u015ftirakleri ve bunlar\u0131n alt kurulu\u015flar\u0131yla; \u00e7al\u0131\u015fanlar\u0131, \u015firket g\u00f6revlileri, hukuk, mali ve vergi dan\u0131\u015fmanlar\u0131, denet\u00e7ileri, \u015eirketin faaliyetlerinin tamamlay\u0131c\u0131s\u0131 veya uzant\u0131s\u0131 niteli\u011findeki hizmetleri ald\u0131\u011f\u0131 taraflar ve destek hizmeti kurulu\u015flar\u0131 ve anla\u015fmal\u0131 kurulu\u015flar ile,\u015firketin ihracat yapmas\u0131 durumunda,ihracat yapt\u0131\u011f\u0131 kurum ve kurulu\u015flar dahil, T.\u00dc.\u0130.K., B.D.D.K., S.P.K., T.C.M.B., MASAK, T.B.B., KOSGEB, G.\u0130.B., Hazine M\u00fcste\u015farl\u0131\u011f\u0131, S.G.K., T\u00fcrkiye Cumhuriyeti \u00c7al\u0131\u015fma, Sosyal Hizmetler ve Aile Bakanl\u0131\u011f\u0131, \u0130\u015fkur gibi otoriteler, bakanl\u0131klar, yarg\u0131 mercileri gibi yetkili kamu kurum ve kurulu\u015flar\u0131 ile 6102 Say\u0131l\u0131 T\u00fcrk Ticaret Kanunu,6098 Say\u0131l\u0131 Bor\u00e7lar kanunu ve ilgili mevzuat ile \u0130\u015f Kanunu,Arabuluculuk Kanunu dahil di\u011fer mevzuat h\u00fck\u00fcmlerinin izin verdi\u011fi ki\u015fi, kurum ve kurulu\u015flar ile bunlara dair i\u015flemlerin yerine getirilmesi, y\u00fcr\u00fct\u00fclmesi ve geli\u015ftirilebilmesi, bu hizmetlere ve \u00fcr\u00fcnlere y\u00f6nelik tan\u0131t\u0131m, pazarlama ve kampanya faaliyetlerinin yap\u0131lmas\u0131, imzalad\u0131\u011f\u0131n\u0131z ve\/veya imzalad\u0131\u011f\u0131m\u0131z s\u00f6zle\u015fmelerin gere\u011finin yerine getirilmesi; istihbarat, bilgi ara\u015ft\u0131rmalar\u0131 ve \u00e7al\u0131\u015fma performans\u0131 de\u011ferlemelerinin yap\u0131lmas\u0131, ticaret politikalar\u0131 \u00e7er\u00e7evesinde ticaretin devam etmesi ve yap\u0131lan anla\u015fmalar\u0131n devam\u0131 amac\u0131yla; yap\u0131lacak veri a\u00e7\u0131klama ve aktar\u0131m\u0131na ,<\/p>\n<p>bu maksatlarla; Verilerinizin gerek Veri Sorumlusu ve gerekirse Veri \u0130\u015fleyen s\u0131fat\u0131yla, gerek \u015firket taraf\u0131ndan, gerekse \u015firket yetkilileri ve departmanlar\u0131 ile \u015firketin faaliyetlerinin tamamlay\u0131c\u0131s\u0131 veya uzant\u0131s\u0131 niteli\u011findeki hizmetleri ald\u0131\u011f\u0131 taraflar, anla\u015fmal\u0131 kurulu\u015flar ve destek hizmeti kurulu\u015flar\u0131 vas\u0131tas\u0131yla ve benzeri di\u011fer kanallar\u0131 arac\u0131l\u0131\u011f\u0131 ile; tamamen veya k\u0131smen otomatik olan ya da herhangi bir veri kay\u0131t sisteminin par\u00e7as\u0131 olmak kayd\u0131yla otomatik olmayan yollarla elde edilmesine, toplanmas\u0131na, kaydedilmesine, depolanmas\u0131na, muhafaza edilmesine, de\u011fi\u015ftirilmesine, yeniden d\u00fczenlenmesine, a\u00e7\u0131klanmas\u0131na, aktar\u0131lmas\u0131na, devral\u0131nmas\u0131na, s\u0131n\u0131fland\u0131r\u0131lmas\u0131na, i\u015flenmesine, gerekirse \u015firket taraf\u0131ndan anonim hale getirilmesine,<\/p>\n<p>Verilerinizin do\u011frudan ya da dolayl\u0131 olarak kanun ya da s\u00f6zle\u015fmeden do\u011fan herhangi bir gizlilik y\u00fck\u00fcml\u00fcl\u00fc\u011f\u00fcn\u00fc ihlal etmeksizin vermeye yetkili oldu\u011funuza, \u015eirketin yan\/grup\/alt \u015firketleri dahil di\u011fer \u00fc\u00e7\u00fcnc\u00fc ki\u015filerden ilgili mevzuat uyar\u0131nca, bu muvafakatname de yer alan s\u00fcre\u00e7 ve i\u015flemlerin yerine getirilmesi i\u00e7in gerekli onaylar\u0131 usul\u00fcne uygun olarak ald\u0131\u011f\u0131m\u0131 ve s\u00f6z konusu Verilerimi hukuka uygun olarak elde etti\u011finize;<\/p>\n<p>Ki\u015fisel Verilerin Korunmas\u0131 Kanunu gere\u011fince, ki\u015fisel verilerinizin, yukar\u0131da a\u00e7\u0131klanan ilkeler do\u011frultusunda \u015fahs\u0131n\u0131z\u0131n bilgilendirildi\u011fine,<\/p>\n<p>K.V.K.K.\u2019da tan\u0131m\u0131 yap\u0131lm\u0131\u015f olan ve yukar\u0131da da gerek i\u00e7eri\u011fi gerekse toplanma yeri ve y\u00f6ntemi belirtilen ki\u015fisel verilerinizin yine yukar\u0131da belirtilen ki\u015filerle payla\u015f\u0131lmas\u0131na, K.V.K.K.\u2019nda tan\u0131mlanan kapsamda i\u015flenmesine,<\/p>\n<p>muvafakat etti\u011finizi kabul, beyan ve taahh\u00fct etmi\u015f say\u0131l\u0131rs\u0131n\u0131z.<\/p>\n<\/div><\/div><div  class=\"vc_toggle vc_toggle_default vc_toggle_color_black  vc_toggle_size_md\"><div class=\"vc_toggle_title\"><h4>\u00c7erez Politikas\u0131<\/h4><i class=\"vc_toggle_icon\"><\/i><\/div><div class=\"vc_toggle_content\"><p>\u015eirketimiz, siz de\u011ferli m\u00fc\u015fterilerimize sundu\u011fu \u00e7al\u0131\u015fmalar\u0131 yerine getirirken web sitesinde \u00c7erez (Cookie)\u2019ler kullanmaktad\u0131r www.ozuceltekstil.com.tr sitesini ziyaret ederek web sitesinin kullan\u0131m\u0131 i\u00e7in gerekli olan \u00e7erezlerin cihaz\u0131n\u0131za yerle\u015ftirmesini kabul edersiniz.<\/p>\n<p>\u00c7erez Nedir?<\/p>\n<p>\u00c7erezler, sitemizi ziyaret etti\u011finizde cihaz\u0131n\u0131za eklenen bilgi i\u00e7eren k\u00fc\u00e7\u00fck elektronik dosyalard\u0131r. \u00c7erezler sanal d\u00fcnyada geni\u015f \u00e7er\u00e7evede kullan\u0131lan ve web taray\u0131c\u0131lar\u0131n\u0131n otomatik \u00f6n kabule tan\u0131mlanmas\u0131 sebebiyle ziyaretiniz ile ilgili cihaz\u0131n\u0131z\u0131n dil, ayarlar vb. bilgilerinin hat\u0131rlanmas\u0131na yard\u0131mc\u0131 olur.<\/p>\n<p>\u00c7erez t\u00fcrleri;<br \/>\n\u00c7erez T\u00fcr\u00fc A\u00e7\u0131klama<br \/>\nOturum \u00c7erezleri Oturum \u00e7erezleri, internet sitesini kullan\u0131m\u0131n\u0131z s\u0131ras\u0131nda ge\u00e7erli olan \u00e7erezler olup web taray\u0131c\u0131 kapat\u0131l\u0131ncaya kadar ge\u00e7erliliklerini korurlar.<br \/>\nKal\u0131c\u0131 \u00c7erezler Bu \u00e7erezler taray\u0131c\u0131n\u0131zda saklanan ve taraf\u0131n\u0131zdan silininceye dek veya son kullan\u0131m tarihine kadar ge\u00e7erlili\u011fini koruyan \u00e7erezlerdir.<br \/>\nZorunlu \u00c7erezler \u0130nternet sitesinin d\u00fczg\u00fcn bir \u015fekilde \u00e7al\u0131\u015fabilmesi, sitenin \u00f6zelliklerinden ve sunulan hizmetlerden yararlanabilmeniz i\u00e7in kullan\u0131m\u0131 mecburi olan \u00e7erezlerdir.<br \/>\n\u0130\u015flevsel ve Analitik \u00c7erezler Tercihlerinizin hat\u0131rlanmas\u0131, internet sitesinin etkin \u015fekilde kullan\u0131lmas\u0131, sitenin isteklerinize cevap verecek \u015fekilde optimize edilmesi gibi ama\u00e7larla kullan\u0131lan ve siteyi nas\u0131l kulland\u0131\u011f\u0131n\u0131z hakk\u0131nda verileri i\u00e7eren \u00e7erezlerdir. Nitelikleri gere\u011fi bu t\u00fcrdeki \u00e7erezler ki\u015fisel verilerinizi i\u00e7erebilir. \u00d6rne\u011fin sitenin g\u00f6r\u00fcnt\u00fclenme dili tercihinizi kaydeden \u00e7erezler birer i\u015flevsel \u00e7erezdir.<br \/>\nTakip \u00c7erezleri Takip \u00e7erezleri web sitemizi ve \u00fc\u00e7\u00fcnc\u00fc taraflara ait alan adlar\u0131n\u0131 ziyaretiniz s\u0131ras\u0131nda olu\u015fturulan birincil ve \u00fc\u00e7\u00fcnc\u00fc taraf \u00e7erezlerdir. Bu \u00e7erezler olu\u015fturulduklar\u0131 alan adlar\u0131ndaki t\u0131klama ve ziyaret ge\u00e7mi\u015finizin takibini ve farkl\u0131 alan adlar\u0131 aras\u0131nda bu kay\u0131tlar\u0131n e\u015flenmesini m\u00fcmk\u00fcn k\u0131lmaktad\u0131r. Bu t\u00fcr \u00e7erezler kullan\u0131c\u0131lar\u0131n tan\u0131nmas\u0131 ve profillenmesi, reklam ve pazarlama faaliyetlerinin hedeflenmesi ve i\u00e7eri\u011fin \u00f6zelle\u015ftirilmesi amac\u0131 ile kullan\u0131lmaktad\u0131r. Bu \u00e7erezler sizin kimli\u011finizi belirlemek veya \u015fahs\u0131n\u0131z \u00f6zelinde karar almak i\u00e7in kullan\u0131lmayacakt\u0131r.<\/p>\n<p>&nbsp;<\/p>\n<p>Genel hatlar\u0131yla \u00e7erez kullanma ama\u00e7lar\u0131m\u0131z:<\/p>\n<p>Web sitelerindeki kullan\u0131c\u0131 deneyiminin ve tercihlerinin, sonraki ziyaretlerini, ki\u015fiselle\u015ftirebilme amac\u0131yla kaydedilmesi,<br \/>\nWeb sitemizi ziyaret deneyiminizi iyile\u015ftirmek i\u00e7in,<br \/>\n\u0130lginize y\u00f6nelik \u00fcr\u00fcn ve hizmet tan\u0131t\u0131m \u00e7al\u0131\u015fmas\u0131 amac\u0131yla,<br \/>\nWeb sitemizi tercihlerinize g\u00f6re \u00f6zelle\u015ftirmek,<br \/>\nWeb sitesi performans\u0131n\u0131n art\u0131r\u0131labilmesi i\u00e7indir.<\/p>\n<p>Kulland\u0131\u011f\u0131m\u0131z herhangi bir \u00e7erez i\u00e7erisinde kullan\u0131c\u0131lar\u0131n gizli bilgileri tutulmamaktad\u0131r. Taray\u0131c\u0131n\u0131z\u0131 yap\u0131land\u0131rmazsan\u0131z, bu web sitesi taraf\u0131ndan sa\u011flanan \u00e7erezleri kabul edece\u011finizi l\u00fctfen unutmay\u0131n.<\/p>\n<p>\u00c7erezleri kapatmak i\u00e7in;<\/p>\n<p>Chrome\u2019da taray\u0131c\u0131 ayarlar\u0131n\u0131zda \u201cAyarlar\/Gizlilik\/\u0130\u00e7erik Ayarlar\u0131\/\u00c7erez kullan\u0131m\u0131n\u0131 kapat\u201d se\u00e7e\u011fini kullanabilirsiniz.<br \/>\nInternet Explorer kullan\u0131c\u0131lar\u0131 i\u00e7in: \u201cSe\u00e7enekler\/\u0130nternet Ayarlar\u0131\/Gizlilik\/Ayarlar\u201d se\u00e7eneklerini kullanabilirsiniz.<br \/>\nFirefox kulllan\u0131c\u0131lar\u0131 i\u00e7in: \u201cAra\u00e7lar\/ Se\u00e7enekler\u2019\/ Gizlilik\/ \u00c7erez kabul y\u00f6ntemi\/Firefox kapat\u0131lana kadar\u201d se\u00e7eneklerini kullanabilirsiniz.<br \/>\nSafari kullananlar i\u00e7in: \u201cTercihler\/Gizlilik \u00d6\u011fesi\/ Web Sitesi Verileri\/Bir veya daha fazla web sitesini se\u00e7in\/T\u00fcm\u00fcn\u00fc sil<\/p>\n<p>Politika De\u011fi\u015fikliklerine ili\u015fkin Uyar\u0131m\u0131z<\/p>\n<p>Bu Politika i\u00e7eri\u011finin de\u011fi\u015fmesi veya yeni eklemeler olmas\u0131 durumunda, son g\u00fcncel politika Kullan\u0131c\u0131lar\u0131m\u0131za \u015feffafl\u0131k sa\u011flamak ve veriyi ne \u015fekilde toplad\u0131\u011f\u0131m\u0131z ve ne ama\u00e7la kulland\u0131\u011f\u0131m\u0131z\u0131 bilgilendirmek ad\u0131na web sitemizde sunulacakt\u0131r.<\/p>\n<\/div><\/div>\t\t<\/div>\n\t<\/div>\n<\/div>\n\n\n\n\t\t\n\t <\/div> <\/div>","protected":false},"excerpt":{"rendered":"Bilgilendirme Ayd\u0131nlatma Metinleri Ki\u015fisel Verilerin Korunmas\u0131 KanunuBu web sitesini ziyaret etmeniz ve bu site vas\u0131tas\u0131yla sundu\u011fumuz hizmetlerden yararlanman\u0131z s\u0131ras\u0131nda, size ve talep etti\u011finiz hizmetlere ili\u015fkin olarak elde etti\u011fimiz bilgilerin ne \u015fekilde kullan\u0131laca\u011f\u0131 ve korunaca\u011f\u0131, 6698 say\u0131l\u0131 Ki\u015fisel Verilerin Korunmas\u0131 Kanunu\u2019nda belirtilen \u015fartlara tabidir. Bu web sitesini ziyaret etmekle ve bu site vas\u0131tas\u0131yla sundu\u011fumuz hizmetlerden yararlanmay\u0131 &hellip; <a href=\"https:\/\/ozuceltekstil.com.tr\/en\/faq\/\" class=\"more-link\">Continue reading <span class=\"screen-reader-text\">PDPL<\/span><\/a>","protected":false},"author":1,"featured_media":0,"parent":0,"menu_order":0,"comment_status":"closed","ping_status":"closed","template":"","meta":{"footnotes":""},"class_list":["post-1164","page","type-page","status-publish","hentry"],"_links":{"self":[{"href":"https:\/\/ozuceltekstil.com.tr\/en\/wp-json\/wp\/v2\/pages\/1164","targetHints":{"allow":["GET"]}}],"collection":[{"href":"https:\/\/ozuceltekstil.com.tr\/en\/wp-json\/wp\/v2\/pages"}],"about":[{"href":"https:\/\/ozuceltekstil.com.tr\/en\/wp-json\/wp\/v2\/types\/page"}],"author":[{"embeddable":true,"href":"https:\/\/ozuceltekstil.com.tr\/en\/wp-json\/wp\/v2\/users\/1"}],"replies":[{"embeddable":true,"href":"https:\/\/ozuceltekstil.com.tr\/en\/wp-json\/wp\/v2\/comments?post=1164"}],"version-history":[{"count":7,"href":"https:\/\/ozuceltekstil.com.tr\/en\/wp-json\/wp\/v2\/pages\/1164\/revisions"}],"predecessor-version":[{"id":2948,"href":"https:\/\/ozuceltekstil.com.tr\/en\/wp-json\/wp\/v2\/pages\/1164\/revisions\/2948"}],"wp:attachment":[{"href":"https:\/\/ozuceltekstil.com.tr\/en\/wp-json\/wp\/v2\/media?parent=1164"}],"curies":[{"name":"wp","href":"https:\/\/api.w.org\/{rel}","templated":true}]}}