{"id":3428,"date":"2025-02-28T11:45:59","date_gmt":"2025-02-28T11:45:59","guid":{"rendered":"https:\/\/ozuceltekstil.com.tr\/?page_id=3428"},"modified":"2025-03-04T15:29:15","modified_gmt":"2025-03-04T15:29:15","slug":"ik","status":"publish","type":"page","link":"https:\/\/ozuceltekstil.com.tr\/en\/ik\/","title":{"rendered":"\u0130nsan kaynaklar\u0131"},"content":{"rendered":"<div class=\"tm-row wpb_row vc_row-fluid vc_column-gap-default tm-zindex-0 vc_row container tm-bgimage-position-center_center\">\n\n\t\t\n\t <div class=\"vc_column-gap-default\"> \t\n\t\t\n\n<div class=\"wpb_column tm-column vc_column_container vc_col-sm-12 tm-zindex-0\">\n\t<div class=\"vc_column-inner\">\n\t\t\t\t<div class=\"wpb_wrapper\">\n\t\t\t<div class=\"tm-element-heading-wrapper tm-heading-inner tm-element-align-center tm-seperator-none tm-heading-style-vertical\"><section class=\"tm-vc_cta3-container\"><div class=\"tm-vc_general tm-vc_cta3 tm-cta3-only tm-vc_cta3-style-classic tm-vc_cta3-shape-rounded tm-vc_cta3-align-center tm-vc_cta3-color-transparent tm-vc_cta3-icon-size-md tm-vc_cta3-actions-no tm-cta3-without-desc\"><div class=\"tm-vc_cta3_content-container\"><div class=\"tm-vc_cta3-content\"><header class=\"tm-vc_cta3-content-header tm-wrap\"><div class=\"tm-vc_cta3-headers tm-wrap-cell\"><h2 class=\"tm-custom-heading\" >Ba\u015fvuru <b>Form<\/b><\/h2>\n<\/div><div class=\"heading-seperator\"><span><\/span><\/div><\/header><\/div><\/div><\/div><\/section><\/div> <!-- .tm-element-heading-wrapper container --> <div class=\"vc_separator wpb_content_element vc_separator_align_center vc_sep_width_100 vc_sep_pos_align_center vc_sep_color_grey vc_separator-has-text\" ><span class=\"vc_sep_holder vc_sep_holder_l\"><span  class=\"vc_sep_line\"><\/span><\/span><h4>Bilgileri eksiksiz doldurmaya \u00f6zen g\u00f6steriniz<\/h4><span class=\"vc_sep_holder vc_sep_holder_r\"><span  class=\"vc_sep_line\"><\/span><\/span>\n<\/div><div class=\"wpcf7 no-js\" id=\"wpcf7-f3432-o1\" lang=\"tr-TR\" dir=\"ltr\">\n<div class=\"screen-reader-response\"><p role=\"status\" aria-live=\"polite\" aria-atomic=\"true\"><\/p> <ul><\/ul><\/div>\n<form action=\"\/en\/wp-json\/wp\/v2\/pages\/3428#wpcf7-f3432-o1\" method=\"post\" class=\"wpcf7-form init\" aria-label=\"Contact form\" enctype=\"multipart\/form-data\" novalidate=\"novalidate\" data-status=\"init\" data-trp-original-action=\"\/en\/wp-json\/wp\/v2\/pages\/3428#wpcf7-f3432-o1\">\n<div style=\"display: none;\">\n<input type=\"hidden\" name=\"_wpcf7\" value=\"3432\" \/>\n<input type=\"hidden\" name=\"_wpcf7_version\" value=\"5.7.2\" \/>\n<input type=\"hidden\" name=\"_wpcf7_locale\" value=\"tr_TR\" \/>\n<input type=\"hidden\" name=\"_wpcf7_unit_tag\" value=\"wpcf7-f3432-o1\" \/>\n<input type=\"hidden\" name=\"_wpcf7_container_post\" value=\"0\" \/>\n<input type=\"hidden\" name=\"_wpcf7_posted_data_hash\" value=\"\" \/>\n<\/div>\n<div class=\"cmt-commonform cmt-contact-fablio\">\n\t<div class=\"row\">\n\t\t<div class=\"col-md-4\">\n\t\t\t<p><span class=\"wpcf7-form-control-wrap\" data-name=\"your-name\"><input size=\"40\" maxlength=\"50\" class=\"wpcf7-form-control wpcf7-text wpcf7-validates-as-required\" autocomplete=\"name\" aria-required=\"true\" aria-invalid=\"false\" placeholder=\"*Ad Soyad\" value=\"\" type=\"text\" name=\"your-name\" \/><\/span>\n\t\t\t<\/p>\n\t\t<\/div>\n\t\t<div class=\"col-md-4\">\n\t\t\t<p><span class=\"wpcf7-form-control-wrap\" data-name=\"your-email\"><input size=\"40\" maxlength=\"70\" class=\"wpcf7-form-control wpcf7-text wpcf7-email wpcf7-validates-as-required wpcf7-validates-as-email\" aria-required=\"true\" aria-invalid=\"false\" placeholder=\"*E-posta\" value=\"\" type=\"email\" name=\"your-email\" \/><\/span>\n\t\t\t<\/p>\n\t\t<\/div>\n\t\t<div class=\"col-md-4\">\n\t\t\t<p><span class=\"wpcf7-form-control-wrap\" data-name=\"tel-244\"><input size=\"40\" maxlength=\"40\" class=\"wpcf7-form-control wpcf7-text wpcf7-tel wpcf7-validates-as-required wpcf7-validates-as-tel\" aria-required=\"true\" aria-invalid=\"false\" placeholder=\"*Telefon No\" value=\"\" type=\"tel\" name=\"tel-244\" \/><\/span>\n\t\t\t<\/p>\n\t\t<\/div>\n\t<\/div>\n\t<div class=\"row\">\n\t\t<div class=\"col-md-4\">\n\t\t\t<p>Do\u011fum Tarihi<span class=\"wpcf7-form-control-wrap\" data-name=\"date-702\"><input class=\"wpcf7-form-control wpcf7-date wpcf7-validates-as-required wpcf7-validates-as-date\" aria-required=\"true\" aria-invalid=\"false\" value=\"\" type=\"date\" name=\"date-702\" \/><\/span>\n\t\t\t<\/p>\n\t\t<\/div>\n\t\t<div class=\"col-md-4\">\n\t\t\t<p>Cinsiyet<span class=\"wpcf7-form-control-wrap\" data-name=\"menu-584\"><select class=\"wpcf7-form-control wpcf7-select wpcf7-validates-as-required\" aria-required=\"true\" aria-invalid=\"false\" name=\"menu-584\"><option value=\"Cinsiyet se\u00e7iniz\">Cinsiyet se\u00e7iniz<\/option><option value=\"Erkek\">Erkek<\/option><option value=\"Kad\u0131n\">Kad\u0131n<\/option><\/select><\/span>\n\t\t\t<\/p>\n\t\t<\/div>\n\t\t<div class=\"col-md-4\">\n\t\t\t<p>\u00d6\u011frenim Durumu<span class=\"wpcf7-form-control-wrap\" data-name=\"menu-582\"><select class=\"wpcf7-form-control wpcf7-select wpcf7-validates-as-required\" aria-required=\"true\" aria-invalid=\"false\" name=\"menu-582\"><option value=\"\u00d6\u011frenim durumu se\u00e7iniz\">\u00d6\u011frenim durumu se\u00e7iniz<\/option><option value=\"\u0130lk\u00f6\u011fretim\">\u0130lk\u00f6\u011fretim<\/option><option value=\"Orta \u00d6\u011fretim\">Orta \u00d6\u011fretim<\/option><option value=\"Lise\">Lise<\/option><option value=\"Meslek Y\u00fcksek Okulu\">Meslek Y\u00fcksek Okulu<\/option><option value=\"\u00dcniversite\">\u00dcniversite<\/option><option value=\"Y\u00fcksek Lisans ve Doktora\">Y\u00fcksek Lisans ve Doktora<\/option><\/select><\/span>\n\t\t\t<\/p>\n\t\t<\/div>\n\t<\/div>\n\t<div class=\"row\">\n\t<hr \/>\n\t\t<div class=\"col-md-8\">\n\t\t\t<p>Yabanc\u0131 Dil<span class=\"wpcf7-form-control-wrap\" data-name=\"checkbox-695\"><span class=\"wpcf7-form-control wpcf7-checkbox\"><span class=\"wpcf7-list-item first\"><label><span class=\"wpcf7-list-item-label\">Yok<\/span><input type=\"checkbox\" name=\"checkbox-695[]\" value=\"Yok\" tabindex=\"\" \/><\/label><\/span><span class=\"wpcf7-list-item\"><label><span class=\"wpcf7-list-item-label\">\u0130ngilizce<\/span><input type=\"checkbox\" name=\"checkbox-695[]\" value=\"\u0130ngilizce\" tabindex=\"\" \/><\/label><\/span><span class=\"wpcf7-list-item\"><label><span class=\"wpcf7-list-item-label\">Almanca<\/span><input type=\"checkbox\" name=\"checkbox-695[]\" value=\"Almanca\" tabindex=\"\" \/><\/label><\/span><span class=\"wpcf7-list-item\"><label><span class=\"wpcf7-list-item-label\">\u0130spanyolca<\/span><input type=\"checkbox\" name=\"checkbox-695[]\" value=\"\u0130spanyolca\" tabindex=\"\" \/><\/label><\/span><span class=\"wpcf7-list-item last\"><label><span class=\"wpcf7-list-item-label\">Di\u011fer<\/span><input type=\"checkbox\" name=\"checkbox-695[]\" value=\"Di\u011fer\" tabindex=\"\" \/><\/label><\/span><\/span><\/span>\n\t\t\t<\/p>\n\t\t<\/div>\n\t<\/div>\n\t<div class=\"row\">\n\t<hr \/>\n\t\t<div>\n\t\t\t<p>&nbsp;&nbsp;&nbsp;&nbsp;\u0130\u015f Deneyimi (varsa doldurun)\n\t\t\t<\/p>\n\t\t<\/div>\n\t\t<div class=\"col-md-4\">\n\t\t\t<p>Firma Ad\u0131<span class=\"wpcf7-form-control-wrap\" data-name=\"text-962\"><input size=\"40\" maxlength=\"40\" class=\"wpcf7-form-control wpcf7-text\" aria-invalid=\"false\" value=\"\" type=\"text\" name=\"text-962\" \/><\/span>\n\t\t\t<\/p>\n\t\t<\/div>\n\t\t<div class=\"col-md-4\">\n\t\t\t<p>Pozisyon<span class=\"wpcf7-form-control-wrap\" data-name=\"text-963\"><input size=\"40\" maxlength=\"40\" class=\"wpcf7-form-control wpcf7-text\" aria-invalid=\"false\" value=\"\" type=\"text\" name=\"text-963\" \/><\/span>\n\t\t\t<\/p>\n\t\t<\/div>\n\t\t<div class=\"col-md-4\">\n\t\t\t<p>\u00c7al\u0131\u015fma s\u00fcresi<span class=\"wpcf7-form-control-wrap\" data-name=\"text-964\"><input size=\"40\" maxlength=\"40\" class=\"wpcf7-form-control wpcf7-text\" aria-invalid=\"false\" value=\"\" type=\"text\" name=\"text-964\" \/><\/span>\n\t\t\t<\/p>\n\t\t<\/div>\n\t<\/div>\n<hr \/>\n\t<div class=\"row\">\n\t\t<div class=\"col-md-12\">\n\t\t\t<p>CV dosyas\u0131 ekle<span class=\"wpcf7-form-control-wrap\" data-name=\"file-317\"><input size=\"40\" class=\"wpcf7-form-control wpcf7-file\" accept=\".pdf,.doc,.docx,.rtf,.txt\" aria-invalid=\"false\" type=\"file\" name=\"file-317\" \/><\/span>\n\t\t\t<\/p>\n\t\t<\/div>\n\t<\/div>\n\t<div class=\"row\">\n\t\t<div class=\"col-md-12\">\n\t\t\t<p><span class=\"wpcf7-form-control-wrap\" data-name=\"your-message\"><textarea cols=\"40\" rows=\"5\" maxlength=\"2500\" class=\"wpcf7-form-control wpcf7-textarea\" aria-invalid=\"false\" placeholder=\"Mesaj\u0131n\u0131z (tercihe ba\u011fl\u0131)\" name=\"your-message\"><\/textarea><\/span>\n\t\t\t<\/p>\n\t\t<\/div>\n\t<\/div>\n\t<div id=\"cf7sr-69e4dc53517fe\" class=\"cf7sr-g-turnstile\" data-redirect=\"\" data-theme=\"auto\" data-language=\"tr\" data-size=\"normal\" \n    data-sitekey=\"0x4AAAAAABAFLPLLyJu-bMkq\"><\/div><span class=\"wpcf7-form-control-wrap cf7sr-turnstile\" data-name=\"cf7sr-turnstile\"><input type=\"hidden\" name=\"cf7sr-turnstile\" value=\"\" class=\"wpcf7-form-control\"><\/span>\n\t<\/p>\n\t<div class=\"row\">\n\t\t<div class=\"col-md-12 cmt-frm-btn tm-center-text\">\n\t\t\t<p><input class=\"wpcf7-form-control has-spinner wpcf7-submit\" type=\"submit\" value=\"Send\" \/>\n\t\t\t<\/p>\n\t\t<\/div>\n\t<\/div>\n<\/div><div class=\"wpcf7-response-output\" aria-hidden=\"true\"><\/div><input type=\"hidden\" name=\"trp-form-language\" value=\"en\"\/><\/form><\/div>\t\t<\/div>\n\t<\/div>\n<\/div>\n\n\n\n\t\t\n\t <\/div> <\/div>","protected":false},"excerpt":{"rendered":"Ba\u015fvuru Formu Bilgileri eksiksiz doldurmaya \u00f6zen g\u00f6steriniz Do\u011fum Tarihi CinsiyetCinsiyet se\u00e7inizErkekKad\u0131n \u00d6\u011frenim Durumu\u00d6\u011frenim durumu se\u00e7iniz\u0130lk\u00f6\u011fretimOrta \u00d6\u011fretimLiseMeslek Y\u00fcksek Okulu\u00dcniversiteY\u00fcksek Lisans ve Doktora Yabanc\u0131 DilYok\u0130ngilizceAlmanca\u0130spanyolcaDi\u011fer &nbsp;&nbsp;&nbsp;&nbsp;\u0130\u015f Deneyimi (varsa doldurun) Firma Ad\u0131 Pozisyon \u00c7al\u0131\u015fma s\u00fcresi CV dosyas\u0131 ekle","protected":false},"author":1,"featured_media":0,"parent":0,"menu_order":0,"comment_status":"closed","ping_status":"closed","template":"elementor_header_footer","meta":{"footnotes":""},"class_list":["post-3428","page","type-page","status-publish","hentry"],"_links":{"self":[{"href":"https:\/\/ozuceltekstil.com.tr\/en\/wp-json\/wp\/v2\/pages\/3428","targetHints":{"allow":["GET"]}}],"collection":[{"href":"https:\/\/ozuceltekstil.com.tr\/en\/wp-json\/wp\/v2\/pages"}],"about":[{"href":"https:\/\/ozuceltekstil.com.tr\/en\/wp-json\/wp\/v2\/types\/page"}],"author":[{"embeddable":true,"href":"https:\/\/ozuceltekstil.com.tr\/en\/wp-json\/wp\/v2\/users\/1"}],"replies":[{"embeddable":true,"href":"https:\/\/ozuceltekstil.com.tr\/en\/wp-json\/wp\/v2\/comments?post=3428"}],"version-history":[{"count":6,"href":"https:\/\/ozuceltekstil.com.tr\/en\/wp-json\/wp\/v2\/pages\/3428\/revisions"}],"predecessor-version":[{"id":3441,"href":"https:\/\/ozuceltekstil.com.tr\/en\/wp-json\/wp\/v2\/pages\/3428\/revisions\/3441"}],"wp:attachment":[{"href":"https:\/\/ozuceltekstil.com.tr\/en\/wp-json\/wp\/v2\/media?parent=3428"}],"curies":[{"name":"wp","href":"https:\/\/api.w.org\/{rel}","templated":true}]}}